{"id":25,"date":"2023-07-04T22:22:57","date_gmt":"2023-07-04T22:22:57","guid":{"rendered":"https:\/\/sitre.com.ar\/?page_id=25"},"modified":"2023-08-15T12:04:29","modified_gmt":"2023-08-15T12:04:29","slug":"inicio","status":"publish","type":"page","link":"https:\/\/sitre.com.ar\/","title":{"rendered":"\u00bfQu\u00e9 es SITRE, el Sindicato de Enfermer\u00eda de la Rep\u00fablica Argentina?"},"content":{"rendered":"\n<h3 class=\"wp-block-heading\">SITRE: OCHO A\u00d1OS CONSTRUYENDO EL FUTURO DE LA ENFERMER\u00cdA<\/h3>\n\n\n\n<figure class=\"wp-block-video\"><video controls src=\"https:\/\/sitre.com.ar\/wp-content\/uploads\/2023\/08\/SITRE-15-1.mp4\"><\/video><\/figure>\n\n\n\n<figure class=\"wp-block-table\"><table><tbody><tr><td><strong>Hace m\u00e1s de 10 a\u00f1os<\/strong>, un grupo de colegas de distintas partes de la Argentina se uni\u00f3 con un objetivo claro: fortalecer a la profesi\u00f3n de enfermer\u00eda y proteger los derechos de sus miembros. Fruto de a\u00f1os de esfuerzo, <strong>en el a\u00f1o 2015 logramos obtener la Inscripci\u00f3n Gremial N\u00b0 3030<\/strong>, dando as\u00ed origen a la <strong>Comisi\u00f3n Fundadora de SITRE.<\/strong><br><br>La <strong>Comisi\u00f3n Fundadora<\/strong>, conformada por destacados colegas de diferentes jurisdicciones y \u00e1mbitos tanto p\u00fablicos como privados, ha trabajado incansablemente en beneficio de todos los enfermeros y enfermeras de Argentina.<br><br>Durante este per\u00edodo, hemos recorrido m\u00e1s de 15 provincias y m\u00e1s de 40 localidades, estableciendo 5 delegaciones en la provincia de Buenos Aires y en la Ciudad Aut\u00f3noma de Buenos Aires (CABA). Adem\u00e1s, hemos logrado <strong>la ampliaci\u00f3n territorial que nos permite operar en cualquier punto del pa\u00eds, tanto en el \u00e1mbito p\u00fablico como en el privado.<\/strong><br><br>En <strong>SITRE<\/strong>, nos comprometemos a brindar apoyo y representaci\u00f3n a los profesionales de enfermer\u00eda, velando por sus <strong>derechos laborales <\/strong>y fomentando el <strong>desarrollo de la profesi\u00f3n<\/strong>. Nuestro sindicato se esfuerza por promover <strong>condiciones de trabajo justas, capacitaci\u00f3n continua y un entorno propicio para el crecimiento y la excelencia en el campo de la enfermer\u00eda.<\/strong><br><br>SI sos enfermero o enfermera en Argentina, te invitamos a afiliarte a <strong>SITRE <\/strong>y unirte a nuestra comunidad de profesionales comprometidos. <strong><a href=\"https:\/\/drive.google.com\/file\/d\/1HmS3U9jVtINjfyRTPlkys62Ia9XPMZ6Y\/view\" data-type=\"URL\" data-id=\"https:\/\/drive.google.com\/file\/d\/1HmS3U9jVtINjfyRTPlkys62Ia9XPMZ6Y\/view\" target=\"_blank\" rel=\"noreferrer noopener\">Descarga el formulario de afiliaci\u00f3n desde nuestra p\u00e1gina web <\/a><\/strong>y comienza a disfrutar de los beneficios y servicios que ofrecemos.<br><br>\u00a1En <strong>SITRE<\/strong>, trabajamos juntos para fortalecer la enfermer\u00eda en la Rep\u00fablica Argentina!<\/td><\/tr><\/tbody><\/table><\/figure>\n\n\n\n<div class=\"wp-block-buttons is-layout-flex wp-block-buttons-is-layout-flex\">\n<div class=\"wp-block-button is-style-fill\"><a class=\"wp-block-button__link wp-element-button\" href=\"https:\/\/drive.google.com\/file\/d\/1B7FjOdldRzdpHS4wV8gdhbrKbEirWXjj\/view\">NUESTRO ESTATUTO<\/a><\/div>\n<\/div>\n\n\n\n<hr class=\"wp-block-separator has-alpha-channel-opacity\"\/>\n\n\n\n<h2 class=\"wp-block-heading\">OBJETIVOS Y CONFORMACI\u00d3N DEL SITRE<\/h2>\n\n\n\n<p>El Sindicato de Trabajadores de Enfermer\u00eda (SITRE) tiene como objetivo fomentar la uni\u00f3n, armon\u00eda, solidaridad, participaci\u00f3n y agrupamiento de todos los trabajadores de la actividad.<\/p>\n\n\n\n<p>Representar a los trabajadores de la actividad, a la entidad y sus componentes en toda cuesti\u00f3n sea individual o colectiva; de car\u00e1cter gremial, laboral o social ante los organismos p\u00fablicos o privados, cualquiera sea su naturaleza.<\/p>\n\n\n\n<p>Peticionar a las autoridades nacionales, provinciales, municipales o cualquier organismo nacional o internacional en beneficio de la entidad sindical.<\/p>\n\n\n\n<p>Vigilar las condiciones de trabajo, el cumplimiento de las normas de higiene y seguridad e impulsar su mejoramiento y la legislaci\u00f3n en general.<\/p>\n\n\n\n<p>Propiciar y concretar convenios colectivos, proponer proyectos de legislaci\u00f3n que determinen la mejora del sector tanto en las condiciones de trabajo como en las relaciones laborales en general.<\/p>\n\n\n\n<p>Fomentar la actividad gremial, el inter\u00e9s y la participaci\u00f3n de los trabajadores.<\/p>\n\n\n\n<p>Realizar actividades culturales, sociales, incentivar la educaci\u00f3n, crear espacios de estudio y capacitaci\u00f3n para todos los trabajadores del sector.<\/p>\n\n\n\n<p>Crear colonias, campamentos, campos de deportes, sitios vacacionales y de esparcimiento, que promuevan y permitan el acceso del los afiliados al turismo, la recreaci\u00f3n y las actividades sociales y deportivas.<\/p>\n\n\n\n<hr class=\"wp-block-separator has-alpha-channel-opacity\"\/>\n\n\n\n<h2 class=\"wp-block-heading\">ENFERMER\u00cdA ES PROFESIONAL EN PBA<\/h2>\n\n\n\n<div data-wp-interactive=\"core\/file\" class=\"wp-block-file\"><object data-wp-bind--hidden=\"!state.hasPdfPreview\" hidden class=\"wp-block-file__embed\" data=\"https:\/\/sitre.com.ar\/wp-content\/uploads\/2023\/08\/CARRERA-PROFESIONAL-2023-Provincia-de-Bs.-As.pdf\" type=\"application\/pdf\" style=\"width:100%;height:600px\" aria-label=\"Incrustado de CARRERA-PROFESIONAL-2023-Provincia-de-Bs.-As.\"><\/object><a id=\"wp-block-file--media-9fcec8e5-888d-4db0-886e-5fda6ae1f444\" href=\"https:\/\/sitre.com.ar\/wp-content\/uploads\/2023\/08\/CARRERA-PROFESIONAL-2023-Provincia-de-Bs.-As.pdf\">CARRERA-PROFESIONAL-2023-Provincia-de-Bs.-As<\/a><a href=\"https:\/\/sitre.com.ar\/wp-content\/uploads\/2023\/08\/CARRERA-PROFESIONAL-2023-Provincia-de-Bs.-As.pdf\" class=\"wp-block-file__button wp-element-button\" download aria-describedby=\"wp-block-file--media-9fcec8e5-888d-4db0-886e-5fda6ae1f444\"><br><br><br>Descarga<\/a><\/div>\n\n\n","protected":false},"excerpt":{"rendered":"<p>SITRE: OCHO A\u00d1OS CONSTRUYENDO EL FUTURO DE LA ENFERMER\u00cdA Hace m\u00e1s de 10 a\u00f1os, un grupo de colegas de distintas partes de la Argentina se uni\u00f3 con un objetivo claro: fortalecer a la profesi\u00f3n de enfermer\u00eda y proteger los derechos de sus miembros. Fruto de a\u00f1os de esfuerzo, en el a\u00f1o 2015 logramos obtener la [&hellip;]<\/p>\n","protected":false},"author":1,"featured_media":0,"parent":0,"menu_order":0,"comment_status":"closed","ping_status":"closed","template":"","meta":{"footnotes":""},"class_list":["post-25","page","type-page","status-publish","hentry"],"aioseo_notices":[],"_links":{"self":[{"href":"https:\/\/sitre.com.ar\/index.php?rest_route=\/wp\/v2\/pages\/25","targetHints":{"allow":["GET"]}}],"collection":[{"href":"https:\/\/sitre.com.ar\/index.php?rest_route=\/wp\/v2\/pages"}],"about":[{"href":"https:\/\/sitre.com.ar\/index.php?rest_route=\/wp\/v2\/types\/page"}],"author":[{"embeddable":true,"href":"https:\/\/sitre.com.ar\/index.php?rest_route=\/wp\/v2\/users\/1"}],"replies":[{"embeddable":true,"href":"https:\/\/sitre.com.ar\/index.php?rest_route=%2Fwp%2Fv2%2Fcomments&post=25"}],"version-history":[{"count":16,"href":"https:\/\/sitre.com.ar\/index.php?rest_route=\/wp\/v2\/pages\/25\/revisions"}],"predecessor-version":[{"id":325,"href":"https:\/\/sitre.com.ar\/index.php?rest_route=\/wp\/v2\/pages\/25\/revisions\/325"}],"wp:attachment":[{"href":"https:\/\/sitre.com.ar\/index.php?rest_route=%2Fwp%2Fv2%2Fmedia&parent=25"}],"curies":[{"name":"wp","href":"https:\/\/api.w.org\/{rel}","templated":true}]}}