{"id":76,"date":"2023-07-05T02:16:27","date_gmt":"2023-07-05T02:16:27","guid":{"rendered":"https:\/\/sitre.com.ar\/?page_id=76"},"modified":"2024-04-13T16:20:03","modified_gmt":"2024-04-13T16:20:03","slug":"institucional-2","status":"publish","type":"page","link":"https:\/\/sitre.com.ar\/?page_id=76","title":{"rendered":"INSTITUCIONAL"},"content":{"rendered":"\n<div class=\"wp-block-columns is-layout-flex wp-container-core-columns-is-layout-28f84493 wp-block-columns-is-layout-flex\">\n<div class=\"wp-block-column is-layout-flow wp-block-column-is-layout-flow\">\n<div class=\"wp-block-cover\"><span aria-hidden=\"true\" class=\"wp-block-cover__background has-background-dim\"><\/span><img loading=\"lazy\" decoding=\"async\" width=\"1014\" height=\"571\" class=\"wp-block-cover__image-background wp-image-474\" alt=\"\" src=\"http:\/\/sitre.com.ar\/wp-content\/uploads\/2024\/04\/PHOTO-2023-10-31-15-21-47-edited-1.jpg\" data-object-fit=\"cover\" srcset=\"https:\/\/sitre.com.ar\/wp-content\/uploads\/2024\/04\/PHOTO-2023-10-31-15-21-47-edited-1.jpg 1014w, https:\/\/sitre.com.ar\/wp-content\/uploads\/2024\/04\/PHOTO-2023-10-31-15-21-47-edited-1-300x169.jpg 300w, https:\/\/sitre.com.ar\/wp-content\/uploads\/2024\/04\/PHOTO-2023-10-31-15-21-47-edited-1-768x432.jpg 768w\" sizes=\"auto, (max-width: 1014px) 100vw, 1014px\" \/><div class=\"wp-block-cover__inner-container is-layout-constrained wp-block-cover-is-layout-constrained\">\n<p class=\"has-text-align-center has-large-font-size\">SINDICATO DE ENFERMER\u00cdA<\/p>\n<\/div><\/div>\n<\/div>\n<\/div>\n\n\n\n<div class=\"wp-block-columns has-white-color has-text-color has-background has-small-font-size is-layout-flex wp-container-core-columns-is-layout-28f84493 wp-block-columns-is-layout-flex\" style=\"background-color:#0076f2e8\">\n<div class=\"wp-block-column is-layout-flow wp-block-column-is-layout-flow\" style=\"flex-basis:30%\">\n<figure class=\"wp-block-image size-full\"><img loading=\"lazy\" decoding=\"async\" width=\"649\" height=\"487\" src=\"https:\/\/sitre.com.ar\/wp-content\/uploads\/2024\/04\/christian-removebg-preview-1-2-edited.png\" alt=\"\" class=\"wp-image-470\" srcset=\"https:\/\/sitre.com.ar\/wp-content\/uploads\/2024\/04\/christian-removebg-preview-1-2-edited.png 649w, https:\/\/sitre.com.ar\/wp-content\/uploads\/2024\/04\/christian-removebg-preview-1-2-edited-300x225.png 300w\" sizes=\"auto, (max-width: 649px) 100vw, 649px\" \/><\/figure>\n<\/div>\n\n\n\n<div class=\"wp-block-column is-layout-flow wp-block-column-is-layout-flow\" style=\"flex-basis:70%\">\n<h1 class=\"wp-block-heading has-white-color has-text-color has-large-font-size\">CHRISTIAN ACOSTA <\/h1>\n\n\n\n<h5 class=\"wp-block-heading has-white-color has-text-color has-medium-font-size\">SECRETARIO GENERAL<\/h5>\n<\/div>\n<\/div>\n\n\n\n<div class=\"wp-block-columns has-white-color has-text-color has-background has-small-font-size is-layout-flex wp-container-core-columns-is-layout-28f84493 wp-block-columns-is-layout-flex\" style=\"background-color:#0076f2e8\">\n<div class=\"wp-block-column is-layout-flow wp-block-column-is-layout-flow\" style=\"flex-basis:30%\">\n<figure class=\"wp-block-image size-full\"><img loading=\"lazy\" decoding=\"async\" width=\"357\" height=\"268\" src=\"https:\/\/sitre.com.ar\/wp-content\/uploads\/2024\/04\/PHOTO-2023-11-15-16-28-48-removebg-preview-1-edited.png\" alt=\"\" class=\"wp-image-480\" srcset=\"https:\/\/sitre.com.ar\/wp-content\/uploads\/2024\/04\/PHOTO-2023-11-15-16-28-48-removebg-preview-1-edited.png 357w, https:\/\/sitre.com.ar\/wp-content\/uploads\/2024\/04\/PHOTO-2023-11-15-16-28-48-removebg-preview-1-edited-300x225.png 300w\" sizes=\"auto, (max-width: 357px) 100vw, 357px\" \/><\/figure>\n<\/div>\n\n\n\n<div class=\"wp-block-column is-layout-flow wp-block-column-is-layout-flow\" style=\"flex-basis:70%\">\n<h1 class=\"wp-block-heading has-white-color has-text-color has-large-font-size\"><strong>ANA OBREG\u00d3N <\/strong><\/h1>\n\n\n\n<h5 class=\"wp-block-heading has-white-color has-text-color has-medium-font-size\"><strong>SECRETARIA ADJUNTA<\/strong><\/h5>\n<\/div>\n<\/div>\n\n\n\n<div class=\"wp-block-columns has-white-color has-text-color has-background has-small-font-size is-layout-flex wp-container-core-columns-is-layout-28f84493 wp-block-columns-is-layout-flex\" style=\"background-color:#0076f2e8\">\n<div class=\"wp-block-column is-layout-flow wp-block-column-is-layout-flow\" style=\"flex-basis:30%\">\n<figure class=\"wp-block-image size-full is-resized\"><img loading=\"lazy\" decoding=\"async\" width=\"411\" height=\"308\" src=\"https:\/\/sitre.com.ar\/wp-content\/uploads\/2024\/04\/PHOTO-2023-10-17-11-51-29-removebg-preview-edited.png\" alt=\"\" class=\"wp-image-429\" style=\"width:218px;height:auto\" srcset=\"https:\/\/sitre.com.ar\/wp-content\/uploads\/2024\/04\/PHOTO-2023-10-17-11-51-29-removebg-preview-edited.png 411w, https:\/\/sitre.com.ar\/wp-content\/uploads\/2024\/04\/PHOTO-2023-10-17-11-51-29-removebg-preview-edited-300x225.png 300w\" sizes=\"auto, (max-width: 411px) 100vw, 411px\" \/><\/figure>\n<\/div>\n\n\n\n<div class=\"wp-block-column is-layout-flow wp-block-column-is-layout-flow\" style=\"flex-basis:70%\">\n<h1 class=\"wp-block-heading has-white-color has-text-color has-large-font-size\"><strong>NANCY ROJAS<\/strong><\/h1>\n\n\n\n<h5 class=\"wp-block-heading has-white-color has-text-color has-medium-font-size\"><strong>Secretaria de Finanzas y Administraci\u00f3n<\/strong><\/h5>\n<\/div>\n<\/div>\n\n\n\n<div class=\"wp-block-columns has-white-color has-text-color has-background has-small-font-size is-layout-flex wp-container-core-columns-is-layout-28f84493 wp-block-columns-is-layout-flex\" style=\"background-color:#0076f2e8\">\n<div class=\"wp-block-column is-layout-flow wp-block-column-is-layout-flow\" style=\"flex-basis:30%\">\n<figure class=\"wp-block-image size-full\"><img loading=\"lazy\" decoding=\"async\" width=\"413\" height=\"310\" src=\"https:\/\/sitre.com.ar\/wp-content\/uploads\/2024\/04\/PHOTO-2023-10-17-21-04-13-removebg-preview-edited.png\" alt=\"\" class=\"wp-image-433\" srcset=\"https:\/\/sitre.com.ar\/wp-content\/uploads\/2024\/04\/PHOTO-2023-10-17-21-04-13-removebg-preview-edited.png 413w, https:\/\/sitre.com.ar\/wp-content\/uploads\/2024\/04\/PHOTO-2023-10-17-21-04-13-removebg-preview-edited-300x225.png 300w\" sizes=\"auto, (max-width: 413px) 100vw, 413px\" \/><\/figure>\n<\/div>\n\n\n\n<div class=\"wp-block-column is-layout-flow wp-block-column-is-layout-flow\" style=\"flex-basis:70%\">\n<h1 class=\"wp-block-heading has-white-color has-text-color has-large-font-size\">GABRIELA NAKAMURA<\/h1>\n\n\n\n<h5 class=\"wp-block-heading has-white-color has-text-color has-medium-font-size\"><strong>Secretaria de Asuntos Gremiales<\/strong> <\/h5>\n<\/div>\n<\/div>\n\n\n\n<div class=\"wp-block-columns has-white-color has-text-color has-background has-small-font-size is-layout-flex wp-container-core-columns-is-layout-28f84493 wp-block-columns-is-layout-flex\" style=\"background-color:#0076f2e8\">\n<div class=\"wp-block-column is-layout-flow wp-block-column-is-layout-flow\" style=\"flex-basis:30%\">\n<figure class=\"wp-block-image size-full\"><img loading=\"lazy\" decoding=\"async\" width=\"463\" height=\"347\" src=\"https:\/\/sitre.com.ar\/wp-content\/uploads\/2024\/04\/PHOTO-2023-10-17-14-27-40-removebg-preview-edited.png\" alt=\"\" class=\"wp-image-435\" srcset=\"https:\/\/sitre.com.ar\/wp-content\/uploads\/2024\/04\/PHOTO-2023-10-17-14-27-40-removebg-preview-edited.png 463w, https:\/\/sitre.com.ar\/wp-content\/uploads\/2024\/04\/PHOTO-2023-10-17-14-27-40-removebg-preview-edited-300x225.png 300w\" sizes=\"auto, (max-width: 463px) 100vw, 463px\" \/><\/figure>\n<\/div>\n\n\n\n<div class=\"wp-block-column is-layout-flow wp-block-column-is-layout-flow\" style=\"flex-basis:70%\">\n<h1 class=\"wp-block-heading has-white-color has-text-color has-large-font-size\">VERONICA PRADO <\/h1>\n\n\n\n<h5 class=\"wp-block-heading has-white-color has-text-color has-medium-font-size\"><strong>Secretaria de D<\/strong>ocencia<\/h5>\n<\/div>\n<\/div>\n\n\n\n<div class=\"wp-block-columns has-white-color has-text-color has-background has-small-font-size is-layout-flex wp-container-core-columns-is-layout-28f84493 wp-block-columns-is-layout-flex\" style=\"background-color:#0076f2e8\">\n<div class=\"wp-block-column is-layout-flow wp-block-column-is-layout-flow\" style=\"flex-basis:30%\">\n<figure class=\"wp-block-image size-full\"><img loading=\"lazy\" decoding=\"async\" width=\"649\" height=\"487\" src=\"https:\/\/sitre.com.ar\/wp-content\/uploads\/2024\/04\/sitre_2__1_-removebg-preview-1-edited.png\" alt=\"\" class=\"wp-image-437\" srcset=\"https:\/\/sitre.com.ar\/wp-content\/uploads\/2024\/04\/sitre_2__1_-removebg-preview-1-edited.png 649w, https:\/\/sitre.com.ar\/wp-content\/uploads\/2024\/04\/sitre_2__1_-removebg-preview-1-edited-300x225.png 300w\" sizes=\"auto, (max-width: 649px) 100vw, 649px\" \/><\/figure>\n<\/div>\n\n\n\n<div class=\"wp-block-column is-layout-flow wp-block-column-is-layout-flow\" style=\"flex-basis:70%\">\n<h1 class=\"wp-block-heading has-white-color has-text-color has-large-font-size\">SERGIO VENTURA ALARCON<\/h1>\n\n\n\n<h5 class=\"wp-block-heading has-white-color has-text-color has-medium-font-size\"><strong>Secretario de <\/strong>Delegaciones y Filiales<\/h5>\n<\/div>\n<\/div>\n\n\n\n<div class=\"wp-block-columns has-white-color has-text-color has-background has-small-font-size is-layout-flex wp-container-core-columns-is-layout-28f84493 wp-block-columns-is-layout-flex\" style=\"background-color:#0076f2e8\">\n<div class=\"wp-block-column is-layout-flow wp-block-column-is-layout-flow\" style=\"flex-basis:30%\">\n<figure class=\"wp-block-image size-full\"><img loading=\"lazy\" decoding=\"async\" width=\"649\" height=\"487\" src=\"https:\/\/sitre.com.ar\/wp-content\/uploads\/2024\/04\/ofelia-removebg-preview-1-edited.png\" alt=\"\" class=\"wp-image-439\" srcset=\"https:\/\/sitre.com.ar\/wp-content\/uploads\/2024\/04\/ofelia-removebg-preview-1-edited.png 649w, https:\/\/sitre.com.ar\/wp-content\/uploads\/2024\/04\/ofelia-removebg-preview-1-edited-300x225.png 300w\" sizes=\"auto, (max-width: 649px) 100vw, 649px\" \/><\/figure>\n<\/div>\n\n\n\n<div class=\"wp-block-column is-layout-flow wp-block-column-is-layout-flow\" style=\"flex-basis:70%\">\n<h1 class=\"wp-block-heading has-white-color has-text-color has-large-font-size\">OFELIA PEREZ <\/h1>\n\n\n\n<h5 class=\"wp-block-heading has-white-color has-text-color has-medium-font-size\"><strong>Secretario de Cultura, Turismo y Deportes.<\/strong><\/h5>\n<\/div>\n<\/div>\n\n\n\n<div class=\"wp-block-columns has-white-color has-text-color has-background has-small-font-size is-layout-flex wp-container-core-columns-is-layout-28f84493 wp-block-columns-is-layout-flex\" style=\"background-color:#0076f2e8\">\n<div class=\"wp-block-column is-layout-flow wp-block-column-is-layout-flow\" style=\"flex-basis:30%\">\n<figure class=\"wp-block-image size-large\"><img loading=\"lazy\" decoding=\"async\" width=\"596\" height=\"447\" src=\"https:\/\/sitre.com.ar\/wp-content\/uploads\/2024\/04\/11-edited-1.png\" alt=\"\" class=\"wp-image-442\" srcset=\"https:\/\/sitre.com.ar\/wp-content\/uploads\/2024\/04\/11-edited-1.png 596w, https:\/\/sitre.com.ar\/wp-content\/uploads\/2024\/04\/11-edited-1-300x225.png 300w\" sizes=\"auto, (max-width: 596px) 100vw, 596px\" \/><\/figure>\n<\/div>\n\n\n\n<div class=\"wp-block-column is-layout-flow wp-block-column-is-layout-flow\" style=\"flex-basis:70%\">\n<h1 class=\"wp-block-heading has-white-color has-text-color has-large-font-size\">CORINA VARGAS <\/h1>\n\n\n\n<h5 class=\"wp-block-heading has-white-color has-text-color has-medium-font-size\"><strong>Secretaria de Asuntos Institucionales<\/strong><\/h5>\n<\/div>\n<\/div>\n\n\n\n<div class=\"wp-block-columns has-white-color has-text-color has-background has-small-font-size is-layout-flex wp-container-core-columns-is-layout-28f84493 wp-block-columns-is-layout-flex\" style=\"background-color:#0076f2e8\">\n<div class=\"wp-block-column is-layout-flow wp-block-column-is-layout-flow\" style=\"flex-basis:30%\">\n<figure class=\"wp-block-image size-large\"><img loading=\"lazy\" decoding=\"async\" width=\"521\" height=\"391\" src=\"https:\/\/sitre.com.ar\/wp-content\/uploads\/2024\/04\/10-edited-1.png\" alt=\"\" class=\"wp-image-445\" srcset=\"https:\/\/sitre.com.ar\/wp-content\/uploads\/2024\/04\/10-edited-1.png 521w, https:\/\/sitre.com.ar\/wp-content\/uploads\/2024\/04\/10-edited-1-300x225.png 300w\" sizes=\"auto, (max-width: 521px) 100vw, 521px\" \/><\/figure>\n<\/div>\n\n\n\n<div class=\"wp-block-column is-layout-flow wp-block-column-is-layout-flow\" style=\"flex-basis:70%\">\n<h1 class=\"wp-block-heading has-white-color has-text-color has-large-font-size\">MARTHA ALVAREZ <\/h1>\n\n\n\n<h5 class=\"wp-block-heading has-white-color has-text-color has-medium-font-size\">Secretaria de Asistencia y Previsi\u00f3n Social<\/h5>\n<\/div>\n<\/div>\n\n\n\n<div class=\"wp-block-columns has-white-color has-text-color has-background has-small-font-size is-layout-flex wp-container-core-columns-is-layout-28f84493 wp-block-columns-is-layout-flex\" style=\"background-color:#0076f2e8\">\n<div class=\"wp-block-column is-layout-flow wp-block-column-is-layout-flow\" style=\"flex-basis:30%\">\n<figure class=\"wp-block-image size-large\"><img loading=\"lazy\" decoding=\"async\" width=\"581\" height=\"436\" src=\"https:\/\/sitre.com.ar\/wp-content\/uploads\/2024\/04\/18-edited-1.png\" alt=\"\" class=\"wp-image-449\" srcset=\"https:\/\/sitre.com.ar\/wp-content\/uploads\/2024\/04\/18-edited-1.png 581w, https:\/\/sitre.com.ar\/wp-content\/uploads\/2024\/04\/18-edited-1-300x225.png 300w\" sizes=\"auto, (max-width: 581px) 100vw, 581px\" \/><\/figure>\n<\/div>\n\n\n\n<div class=\"wp-block-column is-layout-flow wp-block-column-is-layout-flow\" style=\"flex-basis:70%\">\n<h1 class=\"wp-block-heading has-white-color has-text-color has-large-font-size\">LEANDRO BALTAZAR<\/h1>\n\n\n\n<h5 class=\"wp-block-heading has-white-color has-text-color has-medium-font-size\">Vocal Titular 1\u00ba<\/h5>\n<\/div>\n<\/div>\n\n\n\n<div class=\"wp-block-columns has-white-color has-text-color has-background has-small-font-size is-layout-flex wp-container-core-columns-is-layout-28f84493 wp-block-columns-is-layout-flex\" style=\"background-color:#0076f2e8\">\n<div class=\"wp-block-column is-layout-flow wp-block-column-is-layout-flow\" style=\"flex-basis:30%\">\n<figure class=\"wp-block-image size-large\"><img loading=\"lazy\" decoding=\"async\" width=\"504\" height=\"378\" src=\"https:\/\/sitre.com.ar\/wp-content\/uploads\/2024\/04\/huge-9-1-edited-1.png\" alt=\"\" class=\"wp-image-453\" srcset=\"https:\/\/sitre.com.ar\/wp-content\/uploads\/2024\/04\/huge-9-1-edited-1.png 504w, https:\/\/sitre.com.ar\/wp-content\/uploads\/2024\/04\/huge-9-1-edited-1-300x225.png 300w\" sizes=\"auto, (max-width: 504px) 100vw, 504px\" \/><\/figure>\n<\/div>\n\n\n\n<div class=\"wp-block-column is-layout-flow wp-block-column-is-layout-flow\" style=\"flex-basis:70%\">\n<h1 class=\"wp-block-heading has-white-color has-text-color has-large-font-size\"> JUAN JAIME GUIOT<\/h1>\n\n\n\n<h5 class=\"wp-block-heading has-white-color has-text-color has-medium-font-size\">Vocal Titular 2\u00ba<\/h5>\n<\/div>\n<\/div>\n\n\n\n<div class=\"wp-block-columns has-white-color has-text-color has-background has-small-font-size is-layout-flex wp-container-core-columns-is-layout-28f84493 wp-block-columns-is-layout-flex\" style=\"background-color:#0076f2e8\">\n<div class=\"wp-block-column is-layout-flow wp-block-column-is-layout-flow\" style=\"flex-basis:30%\">\n<figure class=\"wp-block-image size-large\"><img loading=\"lazy\" decoding=\"async\" width=\"607\" height=\"455\" src=\"https:\/\/sitre.com.ar\/wp-content\/uploads\/2024\/04\/huge-9-2-edited.png\" alt=\"\" class=\"wp-image-462\" srcset=\"https:\/\/sitre.com.ar\/wp-content\/uploads\/2024\/04\/huge-9-2-edited.png 607w, https:\/\/sitre.com.ar\/wp-content\/uploads\/2024\/04\/huge-9-2-edited-300x225.png 300w\" sizes=\"auto, (max-width: 607px) 100vw, 607px\" \/><\/figure>\n<\/div>\n\n\n\n<div class=\"wp-block-column is-layout-flow wp-block-column-is-layout-flow\" style=\"flex-basis:70%\">\n<h1 class=\"wp-block-heading has-white-color has-text-color has-large-font-size\"> SANDRA LEGUIZAMON<\/h1>\n\n\n\n<h5 class=\"wp-block-heading has-white-color has-text-color has-medium-font-size\">Vocal Suplente 1\u00ba<\/h5>\n<\/div>\n<\/div>\n\n\n\n<div class=\"wp-block-columns has-white-color has-text-color has-background has-small-font-size is-layout-flex wp-container-core-columns-is-layout-28f84493 wp-block-columns-is-layout-flex\" style=\"background-color:#0076f2e8\">\n<div class=\"wp-block-column is-layout-flow wp-block-column-is-layout-flow\" style=\"flex-basis:30%\">\n<figure class=\"wp-block-image size-full\"><img loading=\"lazy\" decoding=\"async\" width=\"649\" height=\"487\" src=\"https:\/\/sitre.com.ar\/wp-content\/uploads\/2024\/04\/pela-removebg-preview-1-edited.png\" alt=\"\" class=\"wp-image-459\" srcset=\"https:\/\/sitre.com.ar\/wp-content\/uploads\/2024\/04\/pela-removebg-preview-1-edited.png 649w, https:\/\/sitre.com.ar\/wp-content\/uploads\/2024\/04\/pela-removebg-preview-1-edited-300x225.png 300w\" sizes=\"auto, (max-width: 649px) 100vw, 649px\" \/><\/figure>\n<\/div>\n\n\n\n<div class=\"wp-block-column is-layout-flow wp-block-column-is-layout-flow\" style=\"flex-basis:70%\">\n<h1 class=\"wp-block-heading has-white-color has-text-color has-large-font-size\"> JUAN MANUEL BARCHETTA<\/h1>\n\n\n\n<h5 class=\"wp-block-heading has-white-color has-text-color has-medium-font-size\">Vocal Suplente 2\u00ba<\/h5>\n<\/div>\n<\/div>\n\n\n\n<hr class=\"wp-block-separator has-alpha-channel-opacity\"\/>\n\n\n\n<h2 class=\"wp-block-heading\">ORGANIGRAMA DEL SITRE<\/h2>\n\n\n\n<p>Esta es la distribuci\u00f3n del SITRE respecto a su organizaci\u00f3n territorial en base a la actividad desarrollada a nivel nacional, con presencia del sindicato en varias Provincias, como as\u00ed tambi\u00e9n en Municipios y Localidades. <\/p>\n\n\n\n<figure class=\"wp-block-image size-large\"><img loading=\"lazy\" decoding=\"async\" width=\"1024\" height=\"397\" src=\"https:\/\/sitre.com.ar\/wp-content\/uploads\/2023\/07\/captura-de-pantalla-2023-05-22-a-las-17.42.44-1024x397.png\" alt=\"\" class=\"wp-image-105\" srcset=\"https:\/\/sitre.com.ar\/wp-content\/uploads\/2023\/07\/captura-de-pantalla-2023-05-22-a-las-17.42.44-1024x397.png 1024w, https:\/\/sitre.com.ar\/wp-content\/uploads\/2023\/07\/captura-de-pantalla-2023-05-22-a-las-17.42.44-300x116.png 300w, https:\/\/sitre.com.ar\/wp-content\/uploads\/2023\/07\/captura-de-pantalla-2023-05-22-a-las-17.42.44-768x298.png 768w, https:\/\/sitre.com.ar\/wp-content\/uploads\/2023\/07\/captura-de-pantalla-2023-05-22-a-las-17.42.44-1536x596.png 1536w, https:\/\/sitre.com.ar\/wp-content\/uploads\/2023\/07\/captura-de-pantalla-2023-05-22-a-las-17.42.44.png 1866w\" sizes=\"auto, (max-width: 1024px) 100vw, 1024px\" \/><\/figure>\n\n\n\n<h2 class=\"wp-block-heading\">HOSPITALES CON REPRESENTACI\u00d3N DEL SITRE<\/h2>\n\n\n\n<p>Esta informaci\u00f3n corresponde a la organizaci\u00f3n sanitaria dentro del territorio nacional. Los hospitales, cl\u00ednicasy  sanatorios p\u00fablicos y privados cuentan con presencia de enfermeros y enfermeras del Sindicato de Trabajadores de Enfermer\u00eda. De la misma manera, los enfermeros nucleados en el SITRE pueden desempe\u00f1arse en Unidades de Pronta Atenci\u00f3n o en CAPS.<\/p>\n\n\n\n<figure class=\"wp-block-image size-large\"><img loading=\"lazy\" decoding=\"async\" width=\"1024\" height=\"361\" src=\"https:\/\/sitre.com.ar\/wp-content\/uploads\/2023\/07\/captura-de-pantalla-2023-05-22-a-las-17.42.56-1024x361.png\" alt=\"\" class=\"wp-image-104\" srcset=\"https:\/\/sitre.com.ar\/wp-content\/uploads\/2023\/07\/captura-de-pantalla-2023-05-22-a-las-17.42.56-1024x361.png 1024w, https:\/\/sitre.com.ar\/wp-content\/uploads\/2023\/07\/captura-de-pantalla-2023-05-22-a-las-17.42.56-300x106.png 300w, https:\/\/sitre.com.ar\/wp-content\/uploads\/2023\/07\/captura-de-pantalla-2023-05-22-a-las-17.42.56-768x271.png 768w, https:\/\/sitre.com.ar\/wp-content\/uploads\/2023\/07\/captura-de-pantalla-2023-05-22-a-las-17.42.56-1536x541.png 1536w, https:\/\/sitre.com.ar\/wp-content\/uploads\/2023\/07\/captura-de-pantalla-2023-05-22-a-las-17.42.56.png 1850w\" sizes=\"auto, (max-width: 1024px) 100vw, 1024px\" \/><\/figure>\n\n\n\n<p><\/p>\n","protected":false},"excerpt":{"rendered":"<p>CHRISTIAN ACOSTA SECRETARIO GENERAL ANA OBREG\u00d3N SECRETARIA ADJUNTA NANCY ROJAS Secretaria de Finanzas y Administraci\u00f3n GABRIELA NAKAMURA Secretaria de Asuntos Gremiales VERONICA PRADO Secretaria de Docencia SERGIO VENTURA ALARCON Secretario de Delegaciones y Filiales OFELIA PEREZ Secretario de Cultura, Turismo y Deportes. CORINA VARGAS Secretaria de Asuntos Institucionales MARTHA ALVAREZ Secretaria de Asistencia y Previsi\u00f3n [&hellip;]<\/p>\n","protected":false},"author":1,"featured_media":0,"parent":0,"menu_order":0,"comment_status":"closed","ping_status":"closed","template":"","meta":{"footnotes":""},"class_list":["post-76","page","type-page","status-publish","hentry"],"aioseo_notices":[],"_links":{"self":[{"href":"https:\/\/sitre.com.ar\/index.php?rest_route=\/wp\/v2\/pages\/76","targetHints":{"allow":["GET"]}}],"collection":[{"href":"https:\/\/sitre.com.ar\/index.php?rest_route=\/wp\/v2\/pages"}],"about":[{"href":"https:\/\/sitre.com.ar\/index.php?rest_route=\/wp\/v2\/types\/page"}],"author":[{"embeddable":true,"href":"https:\/\/sitre.com.ar\/index.php?rest_route=\/wp\/v2\/users\/1"}],"replies":[{"embeddable":true,"href":"https:\/\/sitre.com.ar\/index.php?rest_route=%2Fwp%2Fv2%2Fcomments&post=76"}],"version-history":[{"count":23,"href":"https:\/\/sitre.com.ar\/index.php?rest_route=\/wp\/v2\/pages\/76\/revisions"}],"predecessor-version":[{"id":481,"href":"https:\/\/sitre.com.ar\/index.php?rest_route=\/wp\/v2\/pages\/76\/revisions\/481"}],"wp:attachment":[{"href":"https:\/\/sitre.com.ar\/index.php?rest_route=%2Fwp%2Fv2%2Fmedia&parent=76"}],"curies":[{"name":"wp","href":"https:\/\/api.w.org\/{rel}","templated":true}]}}