{"id":78,"date":"2023-07-05T02:16:27","date_gmt":"2023-07-05T02:16:27","guid":{"rendered":"https:\/\/sitre.com.ar\/?page_id=78"},"modified":"2023-07-07T18:15:39","modified_gmt":"2023-07-07T18:15:39","slug":"cursos","status":"publish","type":"page","link":"https:\/\/sitre.com.ar\/?page_id=78","title":{"rendered":"CURSOS DE SITRE"},"content":{"rendered":"\n<figure class=\"wp-block-image size-large\"><img loading=\"lazy\" decoding=\"async\" width=\"1024\" height=\"459\" src=\"https:\/\/sitre.com.ar\/wp-content\/uploads\/2023\/07\/whatsapp-image-2023-06-02-at-19.02.19-1-1024x459.png\" alt=\"\" class=\"wp-image-226\" srcset=\"https:\/\/sitre.com.ar\/wp-content\/uploads\/2023\/07\/whatsapp-image-2023-06-02-at-19.02.19-1-1024x459.png 1024w, https:\/\/sitre.com.ar\/wp-content\/uploads\/2023\/07\/whatsapp-image-2023-06-02-at-19.02.19-1-300x135.png 300w, https:\/\/sitre.com.ar\/wp-content\/uploads\/2023\/07\/whatsapp-image-2023-06-02-at-19.02.19-1-768x345.png 768w, https:\/\/sitre.com.ar\/wp-content\/uploads\/2023\/07\/whatsapp-image-2023-06-02-at-19.02.19-1.png 1119w\" sizes=\"auto, (max-width: 1024px) 100vw, 1024px\" \/><\/figure>\n\n\n\n<p>El Sindicato de Trabajadores de Enfermer\u00eda (SITRE) tiene como objetivo fomentar la uni\u00f3n, armon\u00eda, solidaridad, participaci\u00f3n y agrupamiento de todos los trabajadores de la actividad.<\/p>\n\n\n\n<p>Representar a los trabajadores de la actividad, a la entidad y sus componentes en toda cuesti\u00f3n sea individual o colectiva; de car\u00e1cter gremial, laboral o social ante los organismos p\u00fablicos o privados, cualquiera sea su naturaleza.<\/p>\n\n\n\n<p>Peticionar a las autoridades nacionales, provinciales, municipales o cualquier organismo nacional o internacional en beneficio de la entidad sindical.<\/p>\n\n\n\n<p>Vigilar las condiciones de trabajo, el cumplimiento de las normas de higiene y seguridad e impulsar su mejoramiento y la legislaci\u00f3n en general.<\/p>\n\n\n\n<p>Propiciar y concretar convenios colectivos, proponer proyectos de legislaci\u00f3n que determinen la mejora del sector tanto en las condiciones de trabajo como en las relaciones laborales en general.<\/p>\n\n\n\n<p>Fomentar la actividad gremial, el inter\u00e9s y la participaci\u00f3n de los trabajadores.<\/p>\n\n\n\n<p>Realizar actividades culturales, sociales, incentivar la educaci\u00f3n, crear espacios de estudio y capacitaci\u00f3n para todos los trabajadores del sector.<\/p>\n\n\n\n<p>Crear colonias, campamentos, campos de deportes, sitios vacacionales y de esparcimiento, que promuevan y permitan el acceso del los afiliados al turismo, la recreaci\u00f3n y las actividades sociales y deportivas.<\/p>\n\n\n\n<figure class=\"wp-block-pullquote\"><blockquote><p>\u00abSITRE tiene como objetivo asesorar a los Estudiantes para su integraci\u00f3n al mercado laboral, as\u00ed como tambi\u00e9n te informara cu\u00e1les son los requisitos y convenios colectivos de trabajo con los cuales trabajan las diferentes empresas\u00bb.<\/p><cite>Nancy Rojas &#8211; Secretaria General del SITRE<\/cite><\/blockquote><\/figure>\n\n\n\n<div class=\"wp-block-buttons is-layout-flex wp-block-buttons-is-layout-flex\">\n<div class=\"wp-block-button\"><a class=\"wp-block-button__link wp-element-button\" href=\"sindicatositre@gmail.com\" target=\"_blank\" rel=\"noreferrer noopener\">CONTACTO PARA CURSOS<\/a><\/div>\n<\/div>\n\n\n\n<hr class=\"wp-block-separator has-alpha-channel-opacity\"\/>\n\n\n\n<h2 class=\"wp-block-heading\">PR\u00d3XIMOS CURSOS EN SITRE<\/h2>\n\n\n\n<figure class=\"wp-block-image size-full\"><img loading=\"lazy\" decoding=\"async\" width=\"500\" height=\"500\" src=\"https:\/\/sitre.com.ar\/wp-content\/uploads\/2023\/07\/Logo-Moda-Femenina-Minimalista-Negro-y-Rosa.png\" alt=\"\" class=\"wp-image-244\" srcset=\"https:\/\/sitre.com.ar\/wp-content\/uploads\/2023\/07\/Logo-Moda-Femenina-Minimalista-Negro-y-Rosa.png 500w, https:\/\/sitre.com.ar\/wp-content\/uploads\/2023\/07\/Logo-Moda-Femenina-Minimalista-Negro-y-Rosa-300x300.png 300w, https:\/\/sitre.com.ar\/wp-content\/uploads\/2023\/07\/Logo-Moda-Femenina-Minimalista-Negro-y-Rosa-150x150.png 150w\" sizes=\"auto, (max-width: 500px) 100vw, 500px\" \/><\/figure>\n","protected":false},"excerpt":{"rendered":"<p>El Sindicato de Trabajadores de Enfermer\u00eda (SITRE) tiene como objetivo fomentar la uni\u00f3n, armon\u00eda, solidaridad, participaci\u00f3n y agrupamiento de todos los trabajadores de la actividad. Representar a los trabajadores de la actividad, a la entidad y sus componentes en toda cuesti\u00f3n sea individual o colectiva; de car\u00e1cter gremial, laboral o social ante los organismos p\u00fablicos [&hellip;]<\/p>\n","protected":false},"author":1,"featured_media":0,"parent":0,"menu_order":0,"comment_status":"closed","ping_status":"closed","template":"","meta":{"footnotes":""},"class_list":["post-78","page","type-page","status-publish","hentry"],"aioseo_notices":[],"_links":{"self":[{"href":"https:\/\/sitre.com.ar\/index.php?rest_route=\/wp\/v2\/pages\/78","targetHints":{"allow":["GET"]}}],"collection":[{"href":"https:\/\/sitre.com.ar\/index.php?rest_route=\/wp\/v2\/pages"}],"about":[{"href":"https:\/\/sitre.com.ar\/index.php?rest_route=\/wp\/v2\/types\/page"}],"author":[{"embeddable":true,"href":"https:\/\/sitre.com.ar\/index.php?rest_route=\/wp\/v2\/users\/1"}],"replies":[{"embeddable":true,"href":"https:\/\/sitre.com.ar\/index.php?rest_route=%2Fwp%2Fv2%2Fcomments&post=78"}],"version-history":[{"count":7,"href":"https:\/\/sitre.com.ar\/index.php?rest_route=\/wp\/v2\/pages\/78\/revisions"}],"predecessor-version":[{"id":245,"href":"https:\/\/sitre.com.ar\/index.php?rest_route=\/wp\/v2\/pages\/78\/revisions\/245"}],"wp:attachment":[{"href":"https:\/\/sitre.com.ar\/index.php?rest_route=%2Fwp%2Fv2%2Fmedia&parent=78"}],"curies":[{"name":"wp","href":"https:\/\/api.w.org\/{rel}","templated":true}]}}